{"id":2810,"date":"2022-11-29T18:57:34","date_gmt":"2022-11-29T16:57:34","guid":{"rendered":"https:\/\/ayur-lab.com\/faqs\/"},"modified":"2024-05-03T10:37:11","modified_gmt":"2024-05-03T08:37:11","slug":"faqs","status":"publish","type":"page","link":"https:\/\/ayur-lab.com\/ca\/faqs\/","title":{"rendered":"FAQS"},"content":{"rendered":"<div class=\"fusion-fullwidth fullwidth-box fusion-builder-row-1 fusion-flex-container fusion-parallax-none nonhundred-percent-fullwidth non-hundred-percent-height-scrolling\" style=\"--link_hover_color: #0a4438;--link_color: #fe6b01;--awb-border-radius-top-left:0px;--awb-border-radius-top-right:0px;--awb-border-radius-bottom-right:0px;--awb-border-radius-bottom-left:0px;--awb-background-image:url(&quot;https:\/\/ayur-lab.com\/wp-content\/uploads\/2021\/12\/background-particulas.png&quot;);--awb-background-size:cover;--awb-flex-wrap:wrap;\" ><div class=\"fusion-builder-row fusion-row fusion-flex-align-items-flex-start fusion-flex-justify-content-center fusion-flex-content-wrap\" style=\"max-width:1664px;margin-left: calc(-4% \/ 2 );margin-right: calc(-4% \/ 2 );\"><div class=\"fusion-layout-column fusion_builder_column fusion-builder-column-0 fusion_builder_column_2_3 2_3 fusion-flex-column\" style=\"--awb-bg-size:cover;--awb-width-large:66.666666666667%;--awb-margin-top-large:0px;--awb-spacing-right-large:2.88%;--awb-margin-bottom-large:30px;--awb-spacing-left-large:2.88%;--awb-width-medium:66.666666666667%;--awb-order-medium:0;--awb-spacing-right-medium:2.88%;--awb-spacing-left-medium:2.88%;--awb-width-small:100%;--awb-order-small:0;--awb-spacing-right-small:1.92%;--awb-spacing-left-small:1.92%;\"><div class=\"fusion-column-wrapper fusion-column-has-shadow fusion-flex-justify-content-flex-start fusion-content-layout-column\"><div class=\"fusion-title title fusion-title-1 fusion-sep-none fusion-title-center fusion-title-text fusion-title-size-one\"><h1 class=\"fusion-title-heading title-heading-center\" style=\"margin:0;\">FAQS<mark class=\"fusion-highlight custom-textcolor highlight1 awb-highlight-marker\" style=\"--awb-color:#fe6b01;--awb-text-color:#111111;\"><\/mark><\/h1><\/div><\/div><\/div><div class=\"fusion-layout-column fusion_builder_column fusion-builder-column-1 fusion_builder_column_4_5 4_5 fusion-flex-column\" style=\"--awb-bg-size:cover;--awb-width-large:80%;--awb-margin-top-large:0px;--awb-spacing-right-large:2.4%;--awb-margin-bottom-large:30px;--awb-spacing-left-large:2.4%;--awb-width-medium:80%;--awb-order-medium:0;--awb-spacing-right-medium:2.4%;--awb-spacing-left-medium:2.4%;--awb-width-small:100%;--awb-order-small:0;--awb-spacing-right-small:1.92%;--awb-spacing-left-small:1.92%;\"><div class=\"fusion-column-wrapper fusion-column-has-shadow fusion-flex-justify-content-flex-start fusion-content-layout-column\"><div class=\"accordian fusion-accordian\" style=\"--awb-border-size:2px;--awb-icon-size:16px;--awb-content-font-size:18px;--awb-icon-alignment:left;--awb-hover-color:#f9f9fb;--awb-border-color:#e2e2e2;--awb-background-color:#ffffff;--awb-divider-color:#e2e2e2;--awb-divider-hover-color:#e2e2e2;--awb-icon-color:#ffffff;--awb-title-color:#111111;--awb-content-color:#111111;--awb-icon-box-color:#111111;--awb-toggle-hover-accent-color:#0a4438;--awb-title-font-family:&quot;Exo 2&quot;;--awb-title-font-weight:regular;--awb-title-font-style:normal;--awb-title-font-size:20px;--awb-content-font-family:&quot;Open Sans&quot;;--awb-content-font-style:normal;--awb-content-font-weight:400;\"><div class=\"panel-group fusion-toggle-icon-boxed\" id=\"accordion-2810-1\"><div class=\"fusion-panel panel-default panel-1395c0b9364922374 fusion-toggle-no-divider fusion-toggle-boxed-mode\"><div class=\"panel-heading\"><h4 class=\"panel-title toggle\" id=\"toggle_1395c0b9364922374\"><a class=\"active\" aria-expanded=\"true\" aria-controls=\"1395c0b9364922374\" role=\"button\" data-toggle=\"collapse\" data-target=\"#1395c0b9364922374\" href=\"#1395c0b9364922374\"><span class=\"fusion-toggle-icon-wrapper\" aria-hidden=\"true\"><i class=\"fa-fusion-box active-icon awb-icon-minus\" aria-hidden=\"true\"><\/i><i class=\"fa-fusion-box inactive-icon awb-icon-plus\" aria-hidden=\"true\"><\/i><\/span><span class=\"fusion-toggle-heading\">Qu\u00e8 \u00e9s Ayurlab?<\/span><\/a><\/h4><\/div><div id=\"1395c0b9364922374\" class=\"panel-collapse collapse in\" aria-labelledby=\"toggle_1395c0b9364922374\"><div class=\"panel-body toggle-content fusion-clearfix\">Ayurlab \u00e9s una companyia amb un enfocament innovador i ampli del b\u00e9estar que es dedica a desenvolupar suplements naturals. En Ayurlab ens quedem amb el millor de la medicina tradicional india (Ayurveda) i la biomedicina occidental per cuidar el teu cos i el teu ment amb combinacions d&#8217;ingredients que es potenciaran m\u00fatuament, aportant efectes beneficis per a la teva salut.<\/div><\/div><\/div><div class=\"fusion-panel panel-default panel-dc830a82541f1dbad fusion-toggle-no-divider fusion-toggle-boxed-mode\"><div class=\"panel-heading\"><h4 class=\"panel-title toggle\" id=\"toggle_dc830a82541f1dbad\"><a aria-expanded=\"false\" aria-controls=\"dc830a82541f1dbad\" role=\"button\" data-toggle=\"collapse\" data-target=\"#dc830a82541f1dbad\" href=\"#dc830a82541f1dbad\"><span class=\"fusion-toggle-icon-wrapper\" aria-hidden=\"true\"><i class=\"fa-fusion-box active-icon awb-icon-minus\" aria-hidden=\"true\"><\/i><i class=\"fa-fusion-box inactive-icon awb-icon-plus\" aria-hidden=\"true\"><\/i><\/span><span class=\"fusion-toggle-heading\">\u00bfCaducan els productes Ayurlab?<\/span><\/a><\/h4><\/div><div id=\"dc830a82541f1dbad\" class=\"panel-collapse collapse \" aria-labelledby=\"toggle_dc830a82541f1dbad\"><div class=\"panel-body toggle-content fusion-clearfix\">Els productes Ayurlab estan constitu\u00efts per ingredients naturals de primera qualitat, per la seva data de caducitat arriba fins als 3 anys. Los buenos ingredientes dan lugar a buenos productos.<\/div><\/div><\/div><div class=\"fusion-panel panel-default panel-a8df5079c22fbd28c fusion-toggle-no-divider fusion-toggle-boxed-mode\"><div class=\"panel-heading\"><h4 class=\"panel-title toggle\" id=\"toggle_a8df5079c22fbd28c\"><a aria-expanded=\"false\" aria-controls=\"a8df5079c22fbd28c\" role=\"button\" data-toggle=\"collapse\" data-target=\"#a8df5079c22fbd28c\" href=\"#a8df5079c22fbd28c\"><span class=\"fusion-toggle-icon-wrapper\" aria-hidden=\"true\"><i class=\"fa-fusion-box active-icon awb-icon-minus\" aria-hidden=\"true\"><\/i><i class=\"fa-fusion-box inactive-icon awb-icon-plus\" aria-hidden=\"true\"><\/i><\/span><span class=\"fusion-toggle-heading\">\u00bfD\u00f3nde he de guardar els productes Ayurlab?<\/span><\/a><\/h4><\/div><div id=\"a8df5079c22fbd28c\" class=\"panel-collapse collapse \" aria-labelledby=\"toggle_a8df5079c22fbd28c\"><div class=\"panel-body toggle-content fusion-clearfix\">\n<div><\/div>\n<div class=\"QcsUad BDJ8fb\" role=\"region\" aria-labelledby=\"ucj-5\">\n<div class=\"XL3Kf\">\n<div class=\"a8FIud X0rvP L6rCcb\">\n<div data-show-delay-ms=\"250\" data-append-to-body=\"false\" data-propagate-tooltip-mouseover-events=\"true\" data-anchor-corner=\"bottom-end\" data-enable-skip-handler=\"false\" data-popup-corner=\"top-end\">\n<div class=\" B2mKhd  eQGGme xGUN1\">En un lloc fresc i sec, protegits de la llum solar<\/div>\n<\/div>\n<\/div>\n<\/div>\n<\/div>\n<\/div><\/div><\/div><div class=\"fusion-panel panel-default panel-34f07c15c31ffcc24 fusion-toggle-no-divider fusion-toggle-boxed-mode\"><div class=\"panel-heading\"><h4 class=\"panel-title toggle\" id=\"toggle_34f07c15c31ffcc24\"><a aria-expanded=\"false\" aria-controls=\"34f07c15c31ffcc24\" role=\"button\" data-toggle=\"collapse\" data-target=\"#34f07c15c31ffcc24\" href=\"#34f07c15c31ffcc24\"><span class=\"fusion-toggle-icon-wrapper\" aria-hidden=\"true\"><i class=\"fa-fusion-box active-icon awb-icon-minus\" aria-hidden=\"true\"><\/i><i class=\"fa-fusion-box inactive-icon awb-icon-plus\" aria-hidden=\"true\"><\/i><\/span><span class=\"fusion-toggle-heading\">Puedo utilitzar els productes Ayurlab si estic prenent medicaci\u00f3?<\/span><\/a><\/h4><\/div><div id=\"34f07c15c31ffcc24\" class=\"panel-collapse collapse \" aria-labelledby=\"toggle_34f07c15c31ffcc24\"><div class=\"panel-body toggle-content fusion-clearfix\">Els nostres productes s&#8217;han dissenyat a partir d&#8217;ingredients naturals per evitar qualsevol interacci\u00f3 amb els medicaments que pugui prendre. En qualsevol cas, consulteu un professional sanitari per a major seguretat.<\/div><\/div><\/div><div class=\"fusion-panel panel-default panel-7357c3d779fc45aab fusion-toggle-no-divider fusion-toggle-boxed-mode\"><div class=\"panel-heading\"><h4 class=\"panel-title toggle\" id=\"toggle_7357c3d779fc45aab\"><a aria-expanded=\"false\" aria-controls=\"7357c3d779fc45aab\" role=\"button\" data-toggle=\"collapse\" data-target=\"#7357c3d779fc45aab\" href=\"#7357c3d779fc45aab\"><span class=\"fusion-toggle-icon-wrapper\" aria-hidden=\"true\"><i class=\"fa-fusion-box active-icon awb-icon-minus\" aria-hidden=\"true\"><\/i><i class=\"fa-fusion-box inactive-icon awb-icon-plus\" aria-hidden=\"true\"><\/i><\/span><span class=\"fusion-toggle-heading\">Puc fer servir els productes Ayurlab si estic embarassada o dono el pit?<\/span><\/a><\/h4><\/div><div id=\"7357c3d779fc45aab\" class=\"panel-collapse collapse \" aria-labelledby=\"toggle_7357c3d779fc45aab\"><div class=\"panel-body toggle-content fusion-clearfix\">S\u00ed, les dosis dels diferents ingredients estan dins dels rangs autoritzats per l&#8217;Autoritat Europea de Seguretat Alimentaria per a dones embarassades o en per\u00edode de lact\u00e0ncia.<\/div><\/div><\/div><div class=\"fusion-panel panel-default panel-b9510b2ea3d6f15dd fusion-toggle-no-divider fusion-toggle-boxed-mode\"><div class=\"panel-heading\"><h4 class=\"panel-title toggle\" id=\"toggle_b9510b2ea3d6f15dd\"><a aria-expanded=\"false\" aria-controls=\"b9510b2ea3d6f15dd\" role=\"button\" data-toggle=\"collapse\" data-target=\"#b9510b2ea3d6f15dd\" href=\"#b9510b2ea3d6f15dd\"><span class=\"fusion-toggle-icon-wrapper\" aria-hidden=\"true\"><i class=\"fa-fusion-box active-icon awb-icon-minus\" aria-hidden=\"true\"><\/i><i class=\"fa-fusion-box inactive-icon awb-icon-plus\" aria-hidden=\"true\"><\/i><\/span><span class=\"fusion-toggle-heading\">Els menors i la gent gran poden prendre productes Naturlab?<\/span><\/a><\/h4><\/div><div id=\"b9510b2ea3d6f15dd\" class=\"panel-collapse collapse \" aria-labelledby=\"toggle_b9510b2ea3d6f15dd\"><div class=\"panel-body toggle-content fusion-clearfix\">La cuidada selecci\u00f3 d&#8217;ingredients en els nostres productes, aix\u00ed com la quantitat de cadascun dels mateixos, s\u00f3n perfectament segurs per a menors i persones grans.<\/div><\/div><\/div><div class=\"fusion-panel panel-default panel-2a5590262b4c5fd43 fusion-toggle-no-divider fusion-toggle-boxed-mode\"><div class=\"panel-heading\"><h4 class=\"panel-title toggle\" id=\"toggle_2a5590262b4c5fd43\"><a aria-expanded=\"false\" aria-controls=\"2a5590262b4c5fd43\" role=\"button\" data-toggle=\"collapse\" data-target=\"#2a5590262b4c5fd43\" href=\"#2a5590262b4c5fd43\"><span class=\"fusion-toggle-icon-wrapper\" aria-hidden=\"true\"><i class=\"fa-fusion-box active-icon awb-icon-minus\" aria-hidden=\"true\"><\/i><i class=\"fa-fusion-box inactive-icon awb-icon-plus\" aria-hidden=\"true\"><\/i><\/span><span class=\"fusion-toggle-heading\">Els productes Ayurlab respecten el medi ambient?<\/span><\/a><\/h4><\/div><div id=\"2a5590262b4c5fd43\" class=\"panel-collapse collapse \" aria-labelledby=\"toggle_2a5590262b4c5fd43\"><div class=\"panel-body toggle-content fusion-clearfix\">A Ayurlab estem compromesos amb el medi ambient, per tant tots els extractes de plantes procedeixen de cultiu org\u00e0nic al seu pa\u00eds o regi\u00f3 d&#8217;origen.<\/div><\/div><\/div><div class=\"fusion-panel panel-default panel-a3458e72e9ab60604 fusion-toggle-no-divider fusion-toggle-boxed-mode\"><div class=\"panel-heading\"><h4 class=\"panel-title toggle\" id=\"toggle_a3458e72e9ab60604\"><a aria-expanded=\"false\" aria-controls=\"a3458e72e9ab60604\" role=\"button\" data-toggle=\"collapse\" data-target=\"#a3458e72e9ab60604\" href=\"#a3458e72e9ab60604\"><span class=\"fusion-toggle-icon-wrapper\" aria-hidden=\"true\"><i class=\"fa-fusion-box active-icon awb-icon-minus\" aria-hidden=\"true\"><\/i><i class=\"fa-fusion-box inactive-icon awb-icon-plus\" aria-hidden=\"true\"><\/i><\/span><span class=\"fusion-toggle-heading\">S\u00f3n els productes Ayurlab aptes per a vegans?<\/span><\/a><\/h4><\/div><div id=\"a3458e72e9ab60604\" class=\"panel-collapse collapse \" aria-labelledby=\"toggle_a3458e72e9ab60604\"><div class=\"panel-body toggle-content fusion-clearfix\">Efectivament, els productes Ayurlab no contenen cap ingredient d&#8217;origen animal, i s\u00f3n totalment aptes per a vegans.<\/div><\/div><\/div><div class=\"fusion-panel panel-default panel-02b95d80e880ccb8e fusion-toggle-no-divider fusion-toggle-boxed-mode\"><div class=\"panel-heading\"><h4 class=\"panel-title toggle\" id=\"toggle_02b95d80e880ccb8e\"><a aria-expanded=\"false\" aria-controls=\"02b95d80e880ccb8e\" role=\"button\" data-toggle=\"collapse\" data-target=\"#02b95d80e880ccb8e\" href=\"#02b95d80e880ccb8e\"><span class=\"fusion-toggle-icon-wrapper\" aria-hidden=\"true\"><i class=\"fa-fusion-box active-icon awb-icon-minus\" aria-hidden=\"true\"><\/i><i class=\"fa-fusion-box inactive-icon awb-icon-plus\" aria-hidden=\"true\"><\/i><\/span><span class=\"fusion-toggle-heading\">S\u00f3n els productes Ayurlab gluten FREE?<\/span><\/a><\/h4><\/div><div id=\"02b95d80e880ccb8e\" class=\"panel-collapse collapse \" aria-labelledby=\"toggle_02b95d80e880ccb8e\"><div class=\"panel-body toggle-content fusion-clearfix\">Garantim que els nostres productes estan completament lliures de gluten, per la qual cosa resulten totalment segurs per a les persones cel\u00edaques.<\/div><\/div><\/div><\/div><\/div><\/div><\/div><\/div><\/div>\n","protected":false},"excerpt":{"rendered":"","protected":false},"author":17,"featured_media":0,"parent":0,"menu_order":0,"comment_status":"closed","ping_status":"closed","template":"100-width.php","meta":{"_acf_changed":false,"footnotes":""},"class_list":["post-2810","page","type-page","status-publish","hentry"],"acf":[],"_links":{"self":[{"href":"https:\/\/ayur-lab.com\/ca\/wp-json\/wp\/v2\/pages\/2810","targetHints":{"allow":["GET"]}}],"collection":[{"href":"https:\/\/ayur-lab.com\/ca\/wp-json\/wp\/v2\/pages"}],"about":[{"href":"https:\/\/ayur-lab.com\/ca\/wp-json\/wp\/v2\/types\/page"}],"author":[{"embeddable":true,"href":"https:\/\/ayur-lab.com\/ca\/wp-json\/wp\/v2\/users\/17"}],"replies":[{"embeddable":true,"href":"https:\/\/ayur-lab.com\/ca\/wp-json\/wp\/v2\/comments?post=2810"}],"version-history":[{"count":2,"href":"https:\/\/ayur-lab.com\/ca\/wp-json\/wp\/v2\/pages\/2810\/revisions"}],"predecessor-version":[{"id":2812,"href":"https:\/\/ayur-lab.com\/ca\/wp-json\/wp\/v2\/pages\/2810\/revisions\/2812"}],"wp:attachment":[{"href":"https:\/\/ayur-lab.com\/ca\/wp-json\/wp\/v2\/media?parent=2810"}],"curies":[{"name":"wp","href":"https:\/\/api.w.org\/{rel}","templated":true}]}}