{"id":2906,"date":"2022-12-05T12:19:23","date_gmt":"2022-12-05T10:19:23","guid":{"rendered":"https:\/\/ayur-lab.com\/pagaments-i-devolucions\/"},"modified":"2024-05-03T10:37:34","modified_gmt":"2024-05-03T08:37:34","slug":"pagaments-i-devolucions","status":"publish","type":"page","link":"https:\/\/ayur-lab.com\/ca\/pagaments-i-devolucions\/","title":{"rendered":"Pagaments i Devolucions"},"content":{"rendered":"<div class=\"fusion-fullwidth fullwidth-box fusion-builder-row-1 fusion-flex-container nonhundred-percent-fullwidth non-hundred-percent-height-scrolling\" style=\"--link_hover_color: #0a4438;--link_color: #fe6b01;--awb-border-radius-top-left:0px;--awb-border-radius-top-right:0px;--awb-border-radius-bottom-right:0px;--awb-border-radius-bottom-left:0px;--awb-flex-wrap:wrap;\" ><div class=\"fusion-builder-row fusion-row fusion-flex-align-items-flex-start fusion-flex-content-wrap\" style=\"max-width:1664px;margin-left: calc(-4% \/ 2 );margin-right: calc(-4% \/ 2 );\"><div class=\"fusion-layout-column fusion_builder_column fusion-builder-column-0 fusion_builder_column_1_1 1_1 fusion-flex-column\" style=\"--awb-bg-size:cover;--awb-width-large:100%;--awb-margin-top-large:0px;--awb-spacing-right-large:1.92%;--awb-margin-bottom-large:30px;--awb-spacing-left-large:1.92%;--awb-width-medium:100%;--awb-order-medium:0;--awb-spacing-right-medium:1.92%;--awb-spacing-left-medium:1.92%;--awb-width-small:100%;--awb-order-small:0;--awb-spacing-right-small:1.92%;--awb-spacing-left-small:1.92%;\"><div class=\"fusion-column-wrapper fusion-column-has-shadow fusion-flex-justify-content-flex-start fusion-content-layout-column\"><div class=\"fusion-title title fusion-title-1 fusion-sep-none fusion-title-text fusion-title-size-one\"><h1 class=\"fusion-title-heading title-heading-left\" style=\"margin:0;\">Formes de pagament i devolucions<\/h1><\/div><div class=\"fusion-text fusion-text-1\" style=\"--awb-text-transform:none;\"><p>El client podr\u00e0 abonar l&#8217;import de la comanda optant per qualsevol de les formes seg\u00fcents. Durant el proc\u00e9s de compra haureu d&#8217;indicar la vostra elecci\u00f3:<\/p>\n<\/div><div class=\"fusion-title title fusion-title-2 fusion-sep-none fusion-title-text fusion-title-size-three\" style=\"--awb-sep-color:#111111;\"><h3 class=\"fusion-title-heading title-heading-left\" style=\"margin:0;\">Targeta de cr\u00e8dit VISA o MASTERCARD<\/h3><\/div><div class=\"fusion-text fusion-text-2\" style=\"--awb-text-transform:none;\"><p>Totes les operacions que impliquen la transmissi\u00f3 de dades personals o banc\u00e0ries es fan utilitzant un entorn segur, un servidor basat en la tecnologia de seguretat est\u00e0ndard SSL (Secure Sockets Layer). Tota la informaci\u00f3 que ens transmeti viatja xifrada a trav\u00e9s de la xarxa. Aix\u00ed mateix, les dades sobre la targeta de cr\u00e8dit s\u00f3n introdu\u00efdes directament a la p\u00e0gina del banc, al TPV (Terminal Punt de venda del Banc) i no s\u00f3n introdu\u00efdes ni registrades a cap servidor d&#8217;AYURLAB SL.<\/p>\n<p>En pagar amb targeta VISA o MASTERCARD se us sol\u00b7licitaran sempre les dades seg\u00fcents: el n\u00famero de targeta, la data de caducitat, i un Codi de Validaci\u00f3 que coincideix amb les tres \u00faltimes xifres del n\u00famero impr\u00e8s en cursiva al revers del seu targeta VISA o MASTERCARD, oferint, aix\u00ed, m\u00e9s garanties sobre la seguretat de la transacci\u00f3.<br \/>\nAquesta forma de pagament \u00e9s v\u00e0lida \u00fanicament a la web.<\/p>\n<p>Quan l&#8217;import d&#8217;una compra hagu\u00e9s estat carregat fraudulentament o indegudament utilitzant el n\u00famero d&#8217;una targeta de pagament, el titular podr\u00e0 exigir l&#8217;anul\u00b7laci\u00f3 immediata del c\u00e0rrec. En aquest cas, les corresponents anotacions de c\u00e0rrec i reabonament en els comptes del prove\u00efdor i del titular s&#8217;han de fer com m\u00e9s aviat millor. Aix\u00f2 no obstant, si la compra hagu\u00e9s estat efectivament realitzada pel titular de la targeta i l&#8217;exig\u00e8ncia de devoluci\u00f3 no fos conseq\u00fc\u00e8ncia d&#8217;haver-se exercit el dret de desistiment o de resoluci\u00f3 i, per tant, hagu\u00e9s exigit indegudament l&#8217;anul\u00b7laci\u00f3 del c\u00e0rrec corresponent, aquell quedar\u00e0 obligat davant AYURLAB SL al rescabalament dels danys i perjudicis ocasionats com a conseq\u00fc\u00e8ncia de la dita anul\u00b7laci\u00f3.<\/p>\n<\/div><div class=\"fusion-title title fusion-title-3 fusion-sep-none fusion-title-text fusion-title-size-three\" style=\"--awb-sep-color:#111111;\"><h3 class=\"fusion-title-heading title-heading-left\" style=\"margin:0;\">Execuci\u00f3 de la comanda<\/h3><\/div><div class=\"fusion-text fusion-text-3\" style=\"--awb-text-transform:none;\"><p>AYURLAB SL es compromet a lliurar la comanda en un per\u00edode de 3-5 dies laborals, a partir de l&#8217;endem\u00e0 de la comanda.<\/p>\n<p>La disponibilitat dels productes oferts per AYURLAB SL pot variar en funci\u00f3 de la demanda dels clients. Tot i que AYURLAB SL actualitza l&#8217;estoc peri\u00f2dicament, el producte sol\u00b7licitat pel client podria estar esgotat en aquell moment. En cas de no execuci\u00f3 per indisponibilitat, AYURLAB SL en el moment que tingui coneixement d&#8217;aquesta situaci\u00f3 ho notificar\u00e0 al client mitjan\u00e7ant un correu electr\u00f2nic. El per\u00edode daquesta comunicaci\u00f3 no superar\u00e0 en cap cas el termini m\u00e0xim de 30 dies. AYURLAB SL podr\u00e0 donar la doble opci\u00f3 de: subministrar al client sense augment de preu, un producte de caracter\u00edstiques similars o de superior qualitat, o excepte raons justificades i demostrables per AYURLAB SL dins aquest mateix per\u00edode abonar les sumes pagades per la comanda anul\u00b7lada.<\/p>\n<\/div><div class=\"fusion-title title fusion-title-4 fusion-sep-none fusion-title-text fusion-title-size-three\" style=\"--awb-sep-color:#111111;\"><h3 class=\"fusion-title-heading title-heading-left\" style=\"margin:0;\">Dret de desistiment<\/h3><\/div><div class=\"fusion-text fusion-text-4\" style=\"--awb-text-transform:none;\"><p>Segons l&#8217;establert l&#8217;article 103 de la Llei 3\/2014, de 27 de mar\u00e7 per la qual es modifica el text ref\u00f3s de la Llei General per a la Defensa dels consumidors i Usuaris, els subministraments de serveis o b\u00e9ns confeccionat conforme a les especificacions del consumidor o clarament personalitzats, o que, per la seva naturalesa, no puguin ser tornats o puguin deteriorar-se o caducar amb rapidesa, estan exempts de desistiment.<\/p>\n<\/div><div class=\"fusion-title title fusion-title-5 fusion-sep-none fusion-title-text fusion-title-size-three\" style=\"--awb-sep-color:#111111;\"><h3 class=\"fusion-title-heading title-heading-left\" style=\"margin:0;\">La devoluci\u00f3<\/h3><\/div><div class=\"fusion-text fusion-text-5\" style=\"--awb-text-transform:none;\"><p>El client haur\u00e0 de tornar o lliurar directament el producte a AYURLAB SL, a l&#8217;adre\u00e7a CARRER SALUT, 1 08960, SANT JUST DESVERN (BARCELONA), sense cap demora indeguda, i en tot cas en un termini m\u00e0xim de catorze dies naturals a partir de la data en qu\u00e8 es formalitzi el dret de desistiment del contracte. S&#8217;entendr\u00e0 complert el termini si el client efectua la devoluci\u00f3 del producte abans de la finalitzaci\u00f3 del termini.<\/p>\n<p>El client es far\u00e0 c\u00e0rrec dels costos de devoluci\u00f3 del producte.<\/p>\n<\/div><div class=\"fusion-title title fusion-title-6 fusion-sep-none fusion-title-text fusion-title-size-three\" style=\"--awb-sep-color:#111111;\"><h3 class=\"fusion-title-heading title-heading-left\" style=\"margin:0;\">Reemborsament del pagament<\/h3><\/div><div class=\"fusion-text fusion-text-6\" style=\"--awb-text-transform:none;\"><p>El reemborsament de les quantitats rebudes pel client s&#8217;ha de fer utilitzant els mateixos mitjans de pagament emprats per aquest, sempre que no s&#8217;hagi disposat el contrari.<\/p>\n<p>AYURLAB SL podr\u00e0 retenir el reemborsament fins haver rebut el producte, motiu de desistiment, o fins que el client lliuri justificant de devoluci\u00f3 del mateix, segons quina condici\u00f3 es compleixi primer.<\/p>\n<\/div><div class=\"fusion-title title fusion-title-7 fusion-sep-none fusion-title-text fusion-title-size-three\" style=\"--awb-sep-color:#111111;\"><h3 class=\"fusion-title-heading title-heading-left\" style=\"margin:0;\">Devoluci\u00f3 del producte defectu\u00f3s<\/h3><\/div><div class=\"fusion-text fusion-text-7\" style=\"--awb-text-transform:none;\"><p>En el cas que el producte no estigui en bon estat i les causes imputables a aquest, no siguin conseq\u00fc\u00e8ncia del client, aquest tindr\u00e0 dret a la devoluci\u00f3 del producte, informant a AYURLAB SL del motiu de devoluci\u00f3 a trav\u00e9s de qualsevol dels mitjans facilitats en les presents condicions de contractaci\u00f3, i sense cap cost per al client. Aquesta devoluci\u00f3 per motiu de defecte o mal estat del producte no ser\u00e0 considerada un dret de desistiment.<br \/>\nAYURLAB SL es compromet a assumir el cost de la devoluci\u00f3 ia restituir el producte per un de nou d&#8217;acord amb condicions acceptades en el moment de la venda.<\/p>\n<p>Si el client vol presentar una reclamaci\u00f3, l&#8217;establiment d&#8217;AYURLAB SL est\u00e0 situat a CARRER SALUT, 1 08960, SANT JUST DESVERN (BARCELONA) o mitjan\u00e7ant el correu electr\u00f2nic: <a href=\"mailto:info@ayur-lab. com\">info@ayur-lab.com<\/a>.<\/p>\n<\/div><div class=\"fusion-title title fusion-title-8 fusion-sep-none fusion-title-text fusion-title-size-three\" style=\"--awb-sep-color:#111111;\"><h3 class=\"fusion-title-heading title-heading-left\" style=\"margin:0;\">Jurisdicci\u00f3<\/h3><\/div><div class=\"fusion-text fusion-text-8\" style=\"--awb-text-transform:none;\"><p>Aix\u00ed mateix, AYURLAB SL es reserva la facultat de presentar les accions civils o penals que consideri oportunes per la utilitzaci\u00f3 indeguda del lloc web i continguts o per l&#8217;incompliment de les presents condicions.<\/p>\n<p>La relaci\u00f3 entre l&#8217;usuari i el prestador es regir\u00e0 per la normativa vigent i aplicable al territori espanyol. Si sorgeix qualsevol controv\u00e8rsia les parts poden sotmetre els seus conflictes a arbitratge o acudir a la jurisdicci\u00f3 ordin\u00e0ria complint amb les normes sobre jurisdicci\u00f3 i compet\u00e8ncia sobre aix\u00f2. AYURLAB SL t\u00e9 el domicili a BARCELONA, Espanya.<\/p>\n<\/div><\/div><\/div><\/div><\/div>\n","protected":false},"excerpt":{"rendered":"","protected":false},"author":17,"featured_media":0,"parent":0,"menu_order":0,"comment_status":"closed","ping_status":"closed","template":"","meta":{"_acf_changed":false,"footnotes":""},"class_list":["post-2906","page","type-page","status-publish","hentry"],"acf":[],"_links":{"self":[{"href":"https:\/\/ayur-lab.com\/ca\/wp-json\/wp\/v2\/pages\/2906","targetHints":{"allow":["GET"]}}],"collection":[{"href":"https:\/\/ayur-lab.com\/ca\/wp-json\/wp\/v2\/pages"}],"about":[{"href":"https:\/\/ayur-lab.com\/ca\/wp-json\/wp\/v2\/types\/page"}],"author":[{"embeddable":true,"href":"https:\/\/ayur-lab.com\/ca\/wp-json\/wp\/v2\/users\/17"}],"replies":[{"embeddable":true,"href":"https:\/\/ayur-lab.com\/ca\/wp-json\/wp\/v2\/comments?post=2906"}],"version-history":[{"count":2,"href":"https:\/\/ayur-lab.com\/ca\/wp-json\/wp\/v2\/pages\/2906\/revisions"}],"predecessor-version":[{"id":2908,"href":"https:\/\/ayur-lab.com\/ca\/wp-json\/wp\/v2\/pages\/2906\/revisions\/2908"}],"wp:attachment":[{"href":"https:\/\/ayur-lab.com\/ca\/wp-json\/wp\/v2\/media?parent=2906"}],"curies":[{"name":"wp","href":"https:\/\/api.w.org\/{rel}","templated":true}]}}