{"id":2909,"date":"2022-12-05T12:21:41","date_gmt":"2022-12-05T10:21:41","guid":{"rendered":"https:\/\/ayur-lab.com\/testimonis\/"},"modified":"2024-05-03T10:37:55","modified_gmt":"2024-05-03T08:37:55","slug":"testimonis","status":"publish","type":"page","link":"https:\/\/ayur-lab.com\/ca\/testimonis\/","title":{"rendered":"Testimonis"},"content":{"rendered":"<p><div class=\"fusion-fullwidth fullwidth-box fusion-builder-row-1 fusion-flex-container nonhundred-percent-fullwidth non-hundred-percent-height-scrolling\" style=\"--awb-border-radius-top-left:0px;--awb-border-radius-top-right:0px;--awb-border-radius-bottom-right:0px;--awb-border-radius-bottom-left:0px;--awb-padding-top:3%;--awb-padding-bottom:2%;--awb-margin-bottom:0px;--awb-background-color:#fbf9f6;--awb-flex-wrap:wrap;\" ><div class=\"fusion-builder-row fusion-row fusion-flex-align-items-flex-start fusion-flex-content-wrap\" style=\"max-width:1664px;margin-left: calc(-4% \/ 2 );margin-right: calc(-4% \/ 2 );\"><div class=\"fusion-layout-column fusion_builder_column fusion-builder-column-0 fusion_builder_column_1_1 1_1 fusion-flex-column fusion-flex-align-self-stretch\" style=\"--awb-bg-size:cover;--awb-width-large:100%;--awb-margin-top-large:0px;--awb-spacing-right-large:1.92%;--awb-margin-bottom-large:30px;--awb-spacing-left-large:1.92%;--awb-width-medium:100%;--awb-order-medium:0;--awb-spacing-right-medium:1.92%;--awb-spacing-left-medium:1.92%;--awb-width-small:100%;--awb-order-small:0;--awb-spacing-right-small:1.92%;--awb-spacing-left-small:1.92%;\"><div class=\"fusion-column-wrapper fusion-column-has-shadow fusion-flex-justify-content-center fusion-content-layout-column\"><div class=\"fusion-title title fusion-title-1 fusion-sep-none fusion-title-center fusion-title-text fusion-title-size-one\"><h1 class=\"fusion-title-heading title-heading-center\" style=\"margin:0;\">Opinen de nosaltres<\/h1><\/div><div style=\"--awb-icon-font-size:30px;--awb-active-color:#004437;--awb-alignment:center;\" role=\"img\" class=\"awb-stars-rating awb-stars-rating-1 awb-stars-rating-no-text\" aria-label=\"Rating: 5,00 out of 5\"><div class=\"awb-stars-rating-icons-wrapper\"><i class=\"fa-star fas awb-stars-rating-filled-icon\"><\/i><i class=\"fa-star fas awb-stars-rating-filled-icon\"><\/i><i class=\"fa-star fas awb-stars-rating-filled-icon\"><\/i><i class=\"fa-star fas awb-stars-rating-filled-icon\"><\/i><i class=\"fa-star fas awb-stars-rating-filled-icon\"><\/i><\/div><\/div><div style=\"text-align:center;\"><a class=\"fusion-button button-flat fusion-button-default-size button-default fusion-button-default button-1 fusion-button-default-span fusion-button-default-type\" style=\"--button_margin-top:2%;\" target=\"_blank\" rel=\"noopener noreferrer\" href=\"https:\/\/es.trustpilot.com\/review\/ayur-lab.com\"><span class=\"fusion-button-text awb-button__text awb-button__text--default\">VEURE TOTES LES OPINIONS<\/span><\/a><\/div><\/div><\/div><\/div><\/div><div class=\"fusion-fullwidth fullwidth-box fusion-builder-row-2 fusion-flex-container fusion-parallax-none nonhundred-percent-fullwidth non-hundred-percent-height-scrolling\" style=\"--awb-background-position:center top;--awb-border-radius-top-left:0px;--awb-border-radius-top-right:0px;--awb-border-radius-bottom-right:0px;--awb-border-radius-bottom-left:0px;--awb-padding-top:2%;--awb-padding-bottom:1%;--awb-background-image:url(&quot;https:\/\/ayur-lab.com\/wp-content\/uploads\/2021\/12\/background-particulas.png&quot;);--awb-background-size:cover;--awb-flex-wrap:wrap;\" ><div class=\"fusion-builder-row fusion-row fusion-flex-align-items-flex-start fusion-flex-justify-content-center fusion-flex-content-wrap\" style=\"max-width:1664px;margin-left: calc(-4% \/ 2 );margin-right: calc(-4% \/ 2 );\"><div class=\"fusion-layout-column fusion_builder_column fusion-builder-column-1 fusion_builder_column_1_3 1_3 fusion-flex-column\" style=\"--awb-bg-size:cover;--awb-width-large:33.333333333333%;--awb-margin-top-large:0px;--awb-spacing-right-large:5.76%;--awb-margin-bottom-large:30px;--awb-spacing-left-large:5.76%;--awb-width-medium:33.333333333333%;--awb-order-medium:0;--awb-spacing-right-medium:5.76%;--awb-spacing-left-medium:5.76%;--awb-width-small:100%;--awb-order-small:0;--awb-spacing-right-small:1.92%;--awb-spacing-left-small:1.92%;\"><div class=\"fusion-column-wrapper fusion-column-has-shadow fusion-flex-justify-content-center fusion-content-layout-column\"><div class=\"fusion-image-element \" style=\"--awb-margin-bottom:10px;--awb-max-width:85px;--awb-caption-title-font-family:var(--h2_typography-font-family);--awb-caption-title-font-weight:var(--h2_typography-font-weight);--awb-caption-title-font-style:var(--h2_typography-font-style);--awb-caption-title-size:var(--h2_typography-font-size);--awb-caption-title-transform:var(--h2_typography-text-transform);--awb-caption-title-line-height:var(--h2_typography-line-height);--awb-caption-title-letter-spacing:var(--h2_typography-letter-spacing);\"><span class=\" fusion-imageframe imageframe-none imageframe-1 hover-type-none\" style=\"border-radius:50%;\"><img decoding=\"async\" width=\"320\" height=\"320\" title=\"134452637_848464009339598_8341075295207059513_n\" src=\"https:\/\/ayur-lab.com\/wp-content\/uploads\/2022\/01\/134452637_848464009339598_8341075295207059513_n.jpg\" alt class=\"img-responsive wp-image-957\" srcset=\"https:\/\/ayur-lab.com\/wp-content\/uploads\/2022\/01\/134452637_848464009339598_8341075295207059513_n-200x200.jpg 200w, https:\/\/ayur-lab.com\/wp-content\/uploads\/2022\/01\/134452637_848464009339598_8341075295207059513_n.jpg 320w\" sizes=\"(max-width: 640px) 100vw, 320px\" \/><\/span><\/div><div style=\"--awb-icon-font-size:25px;--awb-active-color:#004437;\" role=\"img\" class=\"awb-stars-rating awb-stars-rating-2 awb-stars-rating-no-text\" aria-label=\"Rating: 5,00 out of 5\"><div class=\"awb-stars-rating-icons-wrapper\"><i class=\"fa-star fas awb-stars-rating-filled-icon\"><\/i><i class=\"fa-star fas awb-stars-rating-filled-icon\"><\/i><i class=\"fa-star fas awb-stars-rating-filled-icon\"><\/i><i class=\"fa-star fas awb-stars-rating-filled-icon\"><\/i><i class=\"fa-star fas awb-stars-rating-filled-icon\"><\/i><\/div><\/div><div class=\"fusion-title title fusion-title-2 fusion-sep-none fusion-title-text fusion-title-size-three\"><h3 class=\"fusion-title-heading title-heading-left\" style=\"margin:0;\">David Espinosa<\/h3><\/div><\/div><\/div><div class=\"fusion-layout-column fusion_builder_column fusion-builder-column-2 fusion_builder_column_2_5 2_5 fusion-flex-column fusion-flex-align-self-stretch\" style=\"--awb-bg-size:cover;--awb-width-large:40%;--awb-margin-top-large:0px;--awb-spacing-right-large:4.8%;--awb-margin-bottom-large:30px;--awb-spacing-left-large:4.8%;--awb-width-medium:40%;--awb-order-medium:0;--awb-spacing-right-medium:4.8%;--awb-spacing-left-medium:4.8%;--awb-width-small:100%;--awb-order-small:0;--awb-spacing-right-small:1.92%;--awb-spacing-left-small:1.92%;\"><div class=\"fusion-column-wrapper fusion-column-has-shadow fusion-flex-justify-content-center fusion-content-layout-column\"><div class=\"fusion-text fusion-text-1\"><p>S\u00f2l prendre tots els anys productes que contenen Amla, i aquest any concretament nom\u00e9s estic prenent els d&#8217;Ayurlab. No he tingut cap desequilibri respecte al que he pres anys anteriors, aix\u00ed que en recomano l&#8217;\u00fas.<\/p>\n<\/div><\/div><\/div><\/div><\/div><div class=\"fusion-fullwidth fullwidth-box fusion-builder-row-3 fusion-flex-container nonhundred-percent-fullwidth non-hundred-percent-height-scrolling\" style=\"--awb-border-radius-top-left:0px;--awb-border-radius-top-right:0px;--awb-border-radius-bottom-right:0px;--awb-border-radius-bottom-left:0px;--awb-padding-top:2%;--awb-padding-bottom:1%;--awb-background-color:#ecf6eb;--awb-flex-wrap:wrap;\" ><div class=\"fusion-builder-row fusion-row fusion-flex-align-items-flex-start fusion-flex-justify-content-center fusion-flex-content-wrap\" style=\"max-width:1664px;margin-left: calc(-4% \/ 2 );margin-right: calc(-4% \/ 2 );\"><div class=\"fusion-layout-column fusion_builder_column fusion-builder-column-3 fusion_builder_column_1_3 1_3 fusion-flex-column fusion-flex-align-self-stretch\" style=\"--awb-bg-size:cover;--awb-width-large:33.333333333333%;--awb-margin-top-large:0px;--awb-spacing-right-large:5.76%;--awb-margin-bottom-large:30px;--awb-spacing-left-large:5.76%;--awb-width-medium:33.333333333333%;--awb-order-medium:0;--awb-spacing-right-medium:5.76%;--awb-spacing-left-medium:5.76%;--awb-width-small:100%;--awb-order-small:0;--awb-spacing-right-small:1.92%;--awb-spacing-left-small:1.92%;\"><div class=\"fusion-column-wrapper fusion-column-has-shadow fusion-flex-justify-content-center fusion-content-layout-column\"><div class=\"fusion-image-element \" style=\"--awb-margin-bottom:10px;--awb-max-width:85px;--awb-caption-title-font-family:var(--h2_typography-font-family);--awb-caption-title-font-weight:var(--h2_typography-font-weight);--awb-caption-title-font-style:var(--h2_typography-font-style);--awb-caption-title-size:var(--h2_typography-font-size);--awb-caption-title-transform:var(--h2_typography-text-transform);--awb-caption-title-line-height:var(--h2_typography-line-height);--awb-caption-title-letter-spacing:var(--h2_typography-letter-spacing);\"><span class=\" fusion-imageframe imageframe-none imageframe-2 hover-type-none\" style=\"border-radius:50%;\"><img decoding=\"async\" width=\"320\" height=\"320\" title=\"36786292_401792397041706_3348964697100517376_n\" src=\"https:\/\/ayur-lab.com\/wp-content\/uploads\/2022\/01\/36786292_401792397041706_3348964697100517376_n.jpg\" alt class=\"img-responsive wp-image-942\" srcset=\"https:\/\/ayur-lab.com\/wp-content\/uploads\/2022\/01\/36786292_401792397041706_3348964697100517376_n-200x200.jpg 200w, https:\/\/ayur-lab.com\/wp-content\/uploads\/2022\/01\/36786292_401792397041706_3348964697100517376_n.jpg 320w\" sizes=\"(max-width: 640px) 100vw, 320px\" \/><\/span><\/div><div style=\"--awb-icon-font-size:25px;--awb-active-color:#004437;\" role=\"img\" class=\"awb-stars-rating awb-stars-rating-3 awb-stars-rating-no-text\" aria-label=\"Rating: 5,00 out of 5\"><div class=\"awb-stars-rating-icons-wrapper\"><i class=\"fa-star fas awb-stars-rating-filled-icon\"><\/i><i class=\"fa-star fas awb-stars-rating-filled-icon\"><\/i><i class=\"fa-star fas awb-stars-rating-filled-icon\"><\/i><i class=\"fa-star fas awb-stars-rating-filled-icon\"><\/i><i class=\"fa-star fas awb-stars-rating-filled-icon\"><\/i><\/div><\/div><div class=\"fusion-title title fusion-title-3 fusion-sep-none fusion-title-text fusion-title-size-three\"><h3 class=\"fusion-title-heading title-heading-left\" style=\"margin:0;\">Arnaud Hos<\/h3><\/div><\/div><\/div><div class=\"fusion-layout-column fusion_builder_column fusion-builder-column-4 fusion_builder_column_2_5 2_5 fusion-flex-column fusion-flex-align-self-stretch\" style=\"--awb-bg-size:cover;--awb-width-large:40%;--awb-margin-top-large:0px;--awb-spacing-right-large:4.8%;--awb-margin-bottom-large:30px;--awb-spacing-left-large:4.8%;--awb-width-medium:40%;--awb-order-medium:0;--awb-spacing-right-medium:4.8%;--awb-spacing-left-medium:4.8%;--awb-width-small:100%;--awb-order-small:0;--awb-spacing-right-small:1.92%;--awb-spacing-left-small:1.92%;\"><div class=\"fusion-column-wrapper fusion-column-has-shadow fusion-flex-justify-content-center fusion-content-layout-column\"><div class=\"fusion-text fusion-text-2\"><p>Immunity \u00e9s un producte meravell\u00f3s amb amla. Excel\u00b7lent per a la pell i per protegir el sistema immunol\u00f2gic. \u00c9s ple d&#8217;antioxidants, com ara: Seleni, Vitamina E. Estic super content i seguir\u00e9 amb ells.<\/p>\n<\/div><\/div><\/div><\/div><\/div><div class=\"fusion-fullwidth fullwidth-box fusion-builder-row-4 fusion-flex-container fusion-parallax-none nonhundred-percent-fullwidth non-hundred-percent-height-scrolling\" style=\"--awb-background-position:center top;--awb-border-radius-top-left:0px;--awb-border-radius-top-right:0px;--awb-border-radius-bottom-right:0px;--awb-border-radius-bottom-left:0px;--awb-padding-top:2%;--awb-padding-bottom:1%;--awb-background-image:url(&quot;https:\/\/ayur-lab.com\/wp-content\/uploads\/2021\/12\/background-particulas.png&quot;);--awb-background-size:cover;--awb-flex-wrap:wrap;\" ><div class=\"fusion-builder-row fusion-row fusion-flex-align-items-flex-start fusion-flex-justify-content-center fusion-flex-content-wrap\" style=\"max-width:1664px;margin-left: calc(-4% \/ 2 );margin-right: calc(-4% \/ 2 );\"><div class=\"fusion-layout-column fusion_builder_column fusion-builder-column-5 fusion_builder_column_1_3 1_3 fusion-flex-column\" style=\"--awb-bg-size:cover;--awb-width-large:33.333333333333%;--awb-margin-top-large:0px;--awb-spacing-right-large:5.76%;--awb-margin-bottom-large:30px;--awb-spacing-left-large:5.76%;--awb-width-medium:33.333333333333%;--awb-order-medium:0;--awb-spacing-right-medium:5.76%;--awb-spacing-left-medium:5.76%;--awb-width-small:100%;--awb-order-small:0;--awb-spacing-right-small:1.92%;--awb-spacing-left-small:1.92%;\"><div class=\"fusion-column-wrapper fusion-column-has-shadow fusion-flex-justify-content-center fusion-content-layout-column\"><div class=\"fusion-image-element \" style=\"--awb-margin-bottom:10px;--awb-max-width:85px;--awb-caption-title-font-family:var(--h2_typography-font-family);--awb-caption-title-font-weight:var(--h2_typography-font-weight);--awb-caption-title-font-style:var(--h2_typography-font-style);--awb-caption-title-size:var(--h2_typography-font-size);--awb-caption-title-transform:var(--h2_typography-text-transform);--awb-caption-title-line-height:var(--h2_typography-line-height);--awb-caption-title-letter-spacing:var(--h2_typography-letter-spacing);\"><span class=\" fusion-imageframe imageframe-none imageframe-3 hover-type-none\" style=\"border-radius:50%;\"><img decoding=\"async\" width=\"320\" height=\"320\" title=\"241668995_110565258032321_776719520406202039_n\" src=\"https:\/\/ayur-lab.com\/wp-content\/uploads\/2022\/01\/241668995_110565258032321_776719520406202039_n.jpg\" alt class=\"img-responsive wp-image-961\" srcset=\"https:\/\/ayur-lab.com\/wp-content\/uploads\/2022\/01\/241668995_110565258032321_776719520406202039_n-200x200.jpg 200w, https:\/\/ayur-lab.com\/wp-content\/uploads\/2022\/01\/241668995_110565258032321_776719520406202039_n.jpg 320w\" sizes=\"(max-width: 640px) 100vw, 320px\" \/><\/span><\/div><div style=\"--awb-icon-font-size:25px;--awb-active-color:#004437;\" role=\"img\" class=\"awb-stars-rating awb-stars-rating-4 awb-stars-rating-no-text\" aria-label=\"Rating: 5,00 out of 5\"><div class=\"awb-stars-rating-icons-wrapper\"><i class=\"fa-star fas awb-stars-rating-filled-icon\"><\/i><i class=\"fa-star fas awb-stars-rating-filled-icon\"><\/i><i class=\"fa-star fas awb-stars-rating-filled-icon\"><\/i><i class=\"fa-star fas awb-stars-rating-filled-icon\"><\/i><i class=\"fa-star fas awb-stars-rating-filled-icon\"><\/i><\/div><\/div><div class=\"fusion-title title fusion-title-4 fusion-sep-none fusion-title-text fusion-title-size-three\"><h3 class=\"fusion-title-heading title-heading-left\" style=\"margin:0;\">Eva Aranda<\/h3><\/div><\/div><\/div><div class=\"fusion-layout-column fusion_builder_column fusion-builder-column-6 fusion_builder_column_2_5 2_5 fusion-flex-column fusion-flex-align-self-stretch\" style=\"--awb-bg-size:cover;--awb-width-large:40%;--awb-margin-top-large:0px;--awb-spacing-right-large:4.8%;--awb-margin-bottom-large:30px;--awb-spacing-left-large:4.8%;--awb-width-medium:40%;--awb-order-medium:0;--awb-spacing-right-medium:4.8%;--awb-spacing-left-medium:4.8%;--awb-width-small:100%;--awb-order-small:0;--awb-spacing-right-small:1.92%;--awb-spacing-left-small:1.92%;\"><div class=\"fusion-column-wrapper fusion-column-has-shadow fusion-flex-justify-content-center fusion-content-layout-column\"><div class=\"fusion-text fusion-text-3\"><p>S\u00f2l refredar-me molt\u00edssim i que m&#8217;est\u00e0 anant el producte suuuuuuper b\u00e9! Amb el fred d\u00b4aquest hivern. Em sento molt b\u00e9, m&#8217;ajuda molt a nivell emocional aix\u00ed com al meu sistema immune. Estic encantada.<\/p>\n<\/div><\/div><\/div><\/div><\/div><div class=\"fusion-fullwidth fullwidth-box fusion-builder-row-5 fusion-flex-container nonhundred-percent-fullwidth non-hundred-percent-height-scrolling\" style=\"--awb-border-radius-top-left:0px;--awb-border-radius-top-right:0px;--awb-border-radius-bottom-right:0px;--awb-border-radius-bottom-left:0px;--awb-padding-top:2%;--awb-padding-bottom:1%;--awb-background-color:#ecf6eb;--awb-flex-wrap:wrap;\" ><div class=\"fusion-builder-row fusion-row fusion-flex-align-items-flex-start fusion-flex-justify-content-center fusion-flex-content-wrap\" style=\"max-width:1664px;margin-left: calc(-4% \/ 2 );margin-right: calc(-4% \/ 2 );\"><div class=\"fusion-layout-column fusion_builder_column fusion-builder-column-7 fusion_builder_column_1_3 1_3 fusion-flex-column fusion-flex-align-self-stretch\" style=\"--awb-bg-size:cover;--awb-width-large:33.333333333333%;--awb-margin-top-large:0px;--awb-spacing-right-large:5.76%;--awb-margin-bottom-large:30px;--awb-spacing-left-large:5.76%;--awb-width-medium:33.333333333333%;--awb-order-medium:0;--awb-spacing-right-medium:5.76%;--awb-spacing-left-medium:5.76%;--awb-width-small:100%;--awb-order-small:0;--awb-spacing-right-small:1.92%;--awb-spacing-left-small:1.92%;\"><div class=\"fusion-column-wrapper fusion-column-has-shadow fusion-flex-justify-content-flex-start fusion-content-layout-column\"><div class=\"fusion-image-element \" style=\"--awb-margin-bottom:10px;--awb-max-width:85px;--awb-caption-title-font-family:var(--h2_typography-font-family);--awb-caption-title-font-weight:var(--h2_typography-font-weight);--awb-caption-title-font-style:var(--h2_typography-font-style);--awb-caption-title-size:var(--h2_typography-font-size);--awb-caption-title-transform:var(--h2_typography-text-transform);--awb-caption-title-line-height:var(--h2_typography-line-height);--awb-caption-title-letter-spacing:var(--h2_typography-letter-spacing);\"><span class=\" fusion-imageframe imageframe-none imageframe-4 hover-type-none\" style=\"border-radius:50%;\"><img decoding=\"async\" width=\"300\" height=\"300\" title=\"Sin-t\u00edtulo-1-min\" src=\"https:\/\/ayur-lab.com\/wp-content\/uploads\/2022\/01\/Sin-titulo-1-min.jpg\" alt class=\"img-responsive wp-image-971\" srcset=\"https:\/\/ayur-lab.com\/wp-content\/uploads\/2022\/01\/Sin-titulo-1-min-200x200.jpg 200w, https:\/\/ayur-lab.com\/wp-content\/uploads\/2022\/01\/Sin-titulo-1-min.jpg 300w\" sizes=\"(max-width: 640px) 100vw, 300px\" \/><\/span><\/div><div style=\"--awb-icon-font-size:25px;--awb-active-color:#004437;\" role=\"img\" class=\"awb-stars-rating awb-stars-rating-5 awb-stars-rating-no-text\" aria-label=\"Rating: 5,00 out of 5\"><div class=\"awb-stars-rating-icons-wrapper\"><i class=\"fa-star fas awb-stars-rating-filled-icon\"><\/i><i class=\"fa-star fas awb-stars-rating-filled-icon\"><\/i><i class=\"fa-star fas awb-stars-rating-filled-icon\"><\/i><i class=\"fa-star fas awb-stars-rating-filled-icon\"><\/i><i class=\"fa-star fas awb-stars-rating-filled-icon\"><\/i><\/div><\/div><div class=\"fusion-title title fusion-title-5 fusion-sep-none fusion-title-text fusion-title-size-three\"><h3 class=\"fusion-title-heading title-heading-left\" style=\"margin:0;\">Erika Michi<\/h3><\/div><\/div><\/div><div class=\"fusion-layout-column fusion_builder_column fusion-builder-column-8 fusion_builder_column_2_5 2_5 fusion-flex-column fusion-flex-align-self-stretch\" style=\"--awb-bg-size:cover;--awb-width-large:40%;--awb-margin-top-large:0px;--awb-spacing-right-large:4.8%;--awb-margin-bottom-large:30px;--awb-spacing-left-large:4.8%;--awb-width-medium:40%;--awb-order-medium:0;--awb-spacing-right-medium:4.8%;--awb-spacing-left-medium:4.8%;--awb-width-small:100%;--awb-order-small:0;--awb-spacing-right-small:1.92%;--awb-spacing-left-small:1.92%;\"><div class=\"fusion-column-wrapper fusion-column-has-shadow fusion-flex-justify-content-center fusion-content-layout-column\"><div class=\"fusion-text fusion-text-4\"><p>Estava acostumada que els canvis emocionals i del temps em baixessin les defenses i ara que conec Ayurlab Immunity ja no he de preocupar-me.<\/p>\n<\/div><\/div><\/div><\/div><\/div><\/p>\n","protected":false},"excerpt":{"rendered":"","protected":false},"author":17,"featured_media":0,"parent":0,"menu_order":0,"comment_status":"closed","ping_status":"closed","template":"100-width.php","meta":{"_acf_changed":false,"footnotes":""},"class_list":["post-2909","page","type-page","status-publish","hentry"],"acf":[],"_links":{"self":[{"href":"https:\/\/ayur-lab.com\/ca\/wp-json\/wp\/v2\/pages\/2909","targetHints":{"allow":["GET"]}}],"collection":[{"href":"https:\/\/ayur-lab.com\/ca\/wp-json\/wp\/v2\/pages"}],"about":[{"href":"https:\/\/ayur-lab.com\/ca\/wp-json\/wp\/v2\/types\/page"}],"author":[{"embeddable":true,"href":"https:\/\/ayur-lab.com\/ca\/wp-json\/wp\/v2\/users\/17"}],"replies":[{"embeddable":true,"href":"https:\/\/ayur-lab.com\/ca\/wp-json\/wp\/v2\/comments?post=2909"}],"version-history":[{"count":4,"href":"https:\/\/ayur-lab.com\/ca\/wp-json\/wp\/v2\/pages\/2909\/revisions"}],"predecessor-version":[{"id":2913,"href":"https:\/\/ayur-lab.com\/ca\/wp-json\/wp\/v2\/pages\/2909\/revisions\/2913"}],"wp:attachment":[{"href":"https:\/\/ayur-lab.com\/ca\/wp-json\/wp\/v2\/media?parent=2909"}],"curies":[{"name":"wp","href":"https:\/\/api.w.org\/{rel}","templated":true}]}}