{"id":3052,"date":"2022-12-13T11:05:53","date_gmt":"2022-12-13T09:05:53","guid":{"rendered":"https:\/\/ayur-lab.com\/avis-legal\/"},"modified":"2024-05-03T10:36:46","modified_gmt":"2024-05-03T08:36:46","slug":"avis-legal","status":"publish","type":"page","link":"https:\/\/ayur-lab.com\/ca\/avis-legal\/","title":{"rendered":"Av\u00eds Legal"},"content":{"rendered":"<div class=\"fusion-fullwidth fullwidth-box fusion-builder-row-1 fusion-flex-container nonhundred-percent-fullwidth non-hundred-percent-height-scrolling\" style=\"--link_hover_color: #0a4438;--link_color: #fe6b01;--awb-border-radius-top-left:0px;--awb-border-radius-top-right:0px;--awb-border-radius-bottom-right:0px;--awb-border-radius-bottom-left:0px;--awb-flex-wrap:wrap;\" ><div class=\"fusion-builder-row fusion-row fusion-flex-align-items-flex-start fusion-flex-content-wrap\" style=\"max-width:1664px;margin-left: calc(-4% \/ 2 );margin-right: calc(-4% \/ 2 );\"><div class=\"fusion-layout-column fusion_builder_column fusion-builder-column-0 fusion_builder_column_1_1 1_1 fusion-flex-column\" style=\"--awb-bg-size:cover;--awb-width-large:100%;--awb-margin-top-large:0px;--awb-spacing-right-large:1.92%;--awb-margin-bottom-large:30px;--awb-spacing-left-large:1.92%;--awb-width-medium:100%;--awb-order-medium:0;--awb-spacing-right-medium:1.92%;--awb-spacing-left-medium:1.92%;--awb-width-small:100%;--awb-order-small:0;--awb-spacing-right-small:1.92%;--awb-spacing-left-small:1.92%;\"><div class=\"fusion-column-wrapper fusion-column-has-shadow fusion-flex-justify-content-flex-start fusion-content-layout-column\"><div class=\"fusion-title title fusion-title-1 fusion-sep-none fusion-title-text fusion-title-size-one\"><h1 class=\"fusion-title-heading title-heading-left\" style=\"margin:0;\">Av\u00eds Legal<\/h1><\/div><div class=\"fusion-title title fusion-title-2 fusion-sep-none fusion-title-text fusion-title-size-three\"><h3 class=\"fusion-title-heading title-heading-left\" style=\"margin:0;\">Introducci\u00f3n<\/h3><\/div><div class=\"fusion-text fusion-text-1\" style=\"--awb-text-transform:none;\"><p>En compliment de la Llei 34\/2002, de 11 de juliol, de Serveis de la Societat de la Informaci\u00f3 i de Comer\u00e7 Electr\u00f2nic (LSSI-CE), AYURLAB SL informa que \u00e9s titular del lloc web. D&#8217;acord amb l&#8217;exig\u00e8ncia de l&#8217;article 10 de la Llei esmentada, AYURLAB SL informa de les dades seg\u00fcents:<\/p>\n<p>RA\u00d3 SOCIAL: AYURLAB SL<br \/>\nNIF: B02727295<br \/>\nADRE\u00c7A POSTAL: CARRER SALUT, 1 08960, SANT JUST DESVERN (BARCELONA)<br \/>\nDIRECCI\u00d3 ELECTR\u00d2NICA: info@ayur-lab.com<br \/>\nTEL\u00c8FON: 647408975<br \/>\nREGISTRE MERCANTIL: tom 47528, foli 149, full 554656 i inscripci\u00f3 1a<br \/>\nOBJECTE PRINCIPAL: Venda de complements alimentaris.<\/p>\n<\/div><div class=\"fusion-title title fusion-title-3 fusion-sep-none fusion-title-text fusion-title-size-three\"><h3 class=\"fusion-title-heading title-heading-left\" style=\"margin:0;\">Usuari i r\u00e8gim de responsabilitats<\/h3><\/div><div class=\"fusion-text fusion-text-2\" style=\"--awb-text-transform:none;\"><p>La navegaci\u00f3, acc\u00e9s i \u00fas pel lloc web d&#8217;AYURLAB SL confereix la condici\u00f3 d&#8217;usuari, per la qual s&#8217;accepten, des de la navegaci\u00f3 pel lloc web d&#8217;AYURLAB SL, totes les condicions d&#8217;\u00fas establertes aqu\u00ed sense perjudici de l&#8217;aplicaci\u00f3 de la corresponent normativa de compliment legal obligat segons el cas.<\/p>\n<p>El lloc web d&#8217;AYURLAB SL proporciona una gran diversitat d&#8217;informaci\u00f3, serveis i dades. L&#8217;usuari assumeix la responsabilitat en l&#8217;\u00fas correcte del lloc web. Aquesta responsabilitat s&#8217;estendr\u00e0 a:<\/p>\n<p>\u00b7 La veracitat i licitud de les informacions aportades per l&#8217;usuari als formularis estesos per AYURLAB SL per a l&#8217;acc\u00e9s a certs continguts o serveis oferts pel web.<br \/>\n\u00b7 L&#8217;\u00fas de la informaci\u00f3, serveis i dades ofertes per AYURLAB SL contr\u00e0riament al que disposen aquestes condicions, la Llei, la moral, els bons costums o l&#8217;ordre p\u00fablic, o que de qualsevol altra manera puguin suposar lesi\u00f3 dels drets de tercers o del mateix funcionament del lloc web.<\/p>\n<\/div><div class=\"fusion-title title fusion-title-4 fusion-sep-none fusion-title-text fusion-title-size-three\"><h3 class=\"fusion-title-heading title-heading-left\" style=\"margin:0;\">Pol\u00edtica d&#8217;enlla\u00e7os i exempcions de responsabilitat<\/h3><\/div><div class=\"fusion-text fusion-text-3\" style=\"--awb-text-transform:none;\"><p>AYURLAB SL no es fa responsable del contingut dels llocs web a qu\u00e8 l&#8217;usuari pugui accedir a trav\u00e9s dels enlla\u00e7os establerts al seu lloc web i declara que en cap cas procedir\u00e0 a examinar o exercitar cap tipus de control sobre el contingut d&#8217;altres llocs de la xarxa. Aix\u00ed mateix, tampoc garantir\u00e0 la disponibilitat t\u00e8cnica, exactitud, veracitat, validesa o legalitat de llocs aliens a la seva propietat a qu\u00e8 es pugui accedir per mitj\u00e0 dels enlla\u00e7os.<\/p>\n<p>AYURLAB SL declara haver adoptat totes les mesures necess\u00e0ries per evitar qualsevol dany als usuaris del vostre lloc web, que poguessin derivar-se de la navegaci\u00f3 pel seu lloc web. En conseq\u00fc\u00e8ncia, AYURLAB SL no s&#8217;assessorament i adaptaci\u00f3 a la lssi-ce \u00b7 documentaci\u00f3 fa responsable, en cap cas, dels eventuals danys que per la navegaci\u00f3 per Internet pogu\u00e9s patir lusuari.<\/p>\n<\/div><div class=\"fusion-title title fusion-title-5 fusion-sep-none fusion-title-text fusion-title-size-three\"><h3 class=\"fusion-title-heading title-heading-left\" style=\"margin:0;\">Modificacions<\/h3><\/div><div class=\"fusion-text fusion-text-4\" style=\"--awb-text-transform:none;\"><p>AYURLAB SL es reserva el dret a realitzar les modificacions que consideri oportunes, sense av\u00eds previ, al contingut del seu lloc web. Tant pel que fa als continguts del lloc web, com a les condicions d&#8217;\u00fas del mateix, oa les condicions generals de contractaci\u00f3. Aquestes modificacions podran realitzar-se a trav\u00e9s del seu lloc web per qualsevol forma admissible en dret i seran de compliment obligat durant el temps en qu\u00e8 es trobin publicades al web i fins que no siguin modificades v\u00e0lidament per altres de posteriors.<\/p>\n<\/div><div class=\"fusion-title title fusion-title-6 fusion-sep-none fusion-title-text fusion-title-size-three\"><h3 class=\"fusion-title-heading title-heading-left\" style=\"margin:0;\">Propietat intel\u00b7lectual i industrial<\/h3><\/div><div class=\"fusion-text fusion-text-5\" style=\"--awb-text-transform:none;\"><p>AYURLAB SL per si mateixa o com a cession\u00e0ria, \u00e9s titular de tots els drets de propietat intel\u00b7lectual i industrial de la seva p\u00e0gina web, aix\u00ed com dels elements continguts a la mateixa (a t\u00edtol enunciatiu, imatges, so, \u00e0udio, v\u00eddeo, programari o textos &#8211; marques o logotips, combinacions de colors, estructura i disseny, selecci\u00f3 de materials usats, programes d&#8217;ordinador necessaris per al seu funcionament, acc\u00e9s i \u00fas, etc.), titularitat d&#8217;AYURLAB SL. Seran, per tant, obres protegides com a propietat intel\u00b7lectual per l&#8217;ordenament jur\u00eddic espanyol, i els seran aplicables tant la normativa espanyola i comunit\u00e0ria en aquest camp, com els tractats internacionals relatius a la mat\u00e8ria i subscrits per Espanya.<\/p>\n<p>Tots els drets reservats. En virtut del que disposa la Llei de propietat intel\u00b7lectual, queden expressament prohibides la reproducci\u00f3, la distribuci\u00f3 i la comunicaci\u00f3 p\u00fablica, inclosa la seva modalitat de posada a disposici\u00f3, de la totalitat o part dels continguts d&#8217;aquesta p\u00e0gina web, amb fins comercials, a qualsevol suport i per qualsevol mitj\u00e0 t\u00e8cnic, sense l&#8217;autoritzaci\u00f3 d&#8217;AYURLAB SL.<\/p>\n<p>L&#8217;usuari es compromet a respectar els drets de propietat intel\u00b7lectual i industrial titularitat d&#8217;AYURLAB SL. Podreu visualitzar els elements del portal i fins i tot imprimir-los, copiar-los i emmagatzemar-los al disc dur del vostre ordinador o en qualsevol altre suport f\u00edsic sempre que sigui, \u00fanica i exclusivament, per al seu \u00fas personal i privat. L&#8217;usuari haur\u00e0 d&#8217;abstenir-se de suprimir, alterar, eludir o manipular qualsevol dispositiu de protecci\u00f3 o sistema de seguretat que estigui instal\u00b7lat a les p\u00e0gines de AYURLAB SL.<\/p>\n<\/div><div class=\"fusion-title title fusion-title-7 fusion-sep-none fusion-title-text fusion-title-size-three\"><h3 class=\"fusion-title-heading title-heading-left\" style=\"margin:0;\">Accions legals, legislaci\u00f3 aplicable i jurisdicci\u00f3<\/h3><\/div><div class=\"fusion-text fusion-text-6\" style=\"--awb-text-transform:none;\"><p>AYURLAB SL es reserva, aix\u00ed mateix, la facultat de presentar les accions civils o penals que consideri oportunes per la utilitzaci\u00f3 indeguda del lloc web i continguts, o per l&#8217;incompliment de les presents condicions. La relaci\u00f3 entre l&#8217;usuari i el prestador es regir\u00e0 per la normativa vigent i aplicable al territori espanyol. Si sorgeix qualsevol controv\u00e8rsia les parts poden sotmetre els seus conflictes a arbitratge o acudir a la jurisdicci\u00f3 ordin\u00e0ria complint amb les normes sobre jurisdicci\u00f3 i compet\u00e8ncia sobre aix\u00f2. AYURLAB SL t\u00e9 el domicili a BARCELONA, Espanya.<\/p>\n<p>Els contractes subscrits per via electr\u00f2nica en qu\u00e8 intervingui com a part un consumidor es presumiran subscrits al lloc on aquest tingui la seva resid\u00e8ncia habitual.<br \/>\nEls contractes electr\u00f2nics entre empresaris o professionals, en defecte de pacte entre les parts, es presumiran subscrits al lloc on estigui establert el prestador de serveis.<\/p>\n<p>Resoluci\u00f3 de litigis en l\u00ednia conforme a l&#8217;Art. 14.1 del Reglament (UE) 524\/2013: La Comissi\u00f3 Europea facilita una plataforma de resoluci\u00f3 de litigis en l\u00ednia, la qual es troba disponible a l&#8217;enlla\u00e7 seg\u00fcent: <a href=\"https:\/\/ec.europa.eu\/consumers\/odr\/main\/index.cfm?event=main.home.chooseLanguage\" rel=\"nofollow noopener\" target=\"_blank\">https:\/\/ec.europa. eu\/consumers\/odr\/<\/a><\/p>\n<\/div><\/div><\/div><\/div><\/div>\n","protected":false},"excerpt":{"rendered":"","protected":false},"author":17,"featured_media":0,"parent":0,"menu_order":0,"comment_status":"closed","ping_status":"closed","template":"","meta":{"_acf_changed":false,"footnotes":""},"class_list":["post-3052","page","type-page","status-publish","hentry"],"acf":[],"_links":{"self":[{"href":"https:\/\/ayur-lab.com\/ca\/wp-json\/wp\/v2\/pages\/3052","targetHints":{"allow":["GET"]}}],"collection":[{"href":"https:\/\/ayur-lab.com\/ca\/wp-json\/wp\/v2\/pages"}],"about":[{"href":"https:\/\/ayur-lab.com\/ca\/wp-json\/wp\/v2\/types\/page"}],"author":[{"embeddable":true,"href":"https:\/\/ayur-lab.com\/ca\/wp-json\/wp\/v2\/users\/17"}],"replies":[{"embeddable":true,"href":"https:\/\/ayur-lab.com\/ca\/wp-json\/wp\/v2\/comments?post=3052"}],"version-history":[{"count":2,"href":"https:\/\/ayur-lab.com\/ca\/wp-json\/wp\/v2\/pages\/3052\/revisions"}],"predecessor-version":[{"id":3054,"href":"https:\/\/ayur-lab.com\/ca\/wp-json\/wp\/v2\/pages\/3052\/revisions\/3054"}],"wp:attachment":[{"href":"https:\/\/ayur-lab.com\/ca\/wp-json\/wp\/v2\/media?parent=3052"}],"curies":[{"name":"wp","href":"https:\/\/api.w.org\/{rel}","templated":true}]}}