{"id":3088,"date":"2022-12-13T11:41:54","date_gmt":"2022-12-13T09:41:54","guid":{"rendered":"https:\/\/ayur-lab.com\/politica-de-privadesa\/"},"modified":"2024-05-03T10:37:40","modified_gmt":"2024-05-03T08:37:40","slug":"politica-de-privadesa","status":"publish","type":"page","link":"https:\/\/ayur-lab.com\/ca\/politica-de-privadesa\/","title":{"rendered":"Pol\u00edtica de Privadesa"},"content":{"rendered":"<div class=\"fusion-fullwidth fullwidth-box fusion-builder-row-1 fusion-flex-container nonhundred-percent-fullwidth non-hundred-percent-height-scrolling\" style=\"--link_hover_color: #0a4438;--link_color: #fe6b01;--awb-border-radius-top-left:0px;--awb-border-radius-top-right:0px;--awb-border-radius-bottom-right:0px;--awb-border-radius-bottom-left:0px;--awb-flex-wrap:wrap;\" ><div class=\"fusion-builder-row fusion-row fusion-flex-align-items-flex-start fusion-flex-content-wrap\" style=\"max-width:1664px;margin-left: calc(-4% \/ 2 );margin-right: calc(-4% \/ 2 );\"><div class=\"fusion-layout-column fusion_builder_column fusion-builder-column-0 fusion_builder_column_1_1 1_1 fusion-flex-column\" style=\"--awb-bg-size:cover;--awb-width-large:100%;--awb-margin-top-large:0px;--awb-spacing-right-large:1.92%;--awb-margin-bottom-large:30px;--awb-spacing-left-large:1.92%;--awb-width-medium:100%;--awb-order-medium:0;--awb-spacing-right-medium:1.92%;--awb-spacing-left-medium:1.92%;--awb-width-small:100%;--awb-order-small:0;--awb-spacing-right-small:1.92%;--awb-spacing-left-small:1.92%;\"><div class=\"fusion-column-wrapper fusion-column-has-shadow fusion-flex-justify-content-flex-start fusion-content-layout-column\"><div class=\"fusion-title title fusion-title-1 fusion-sep-none fusion-title-text fusion-title-size-one\"><h1 class=\"fusion-title-heading title-heading-left\" style=\"margin:0;\">Pol\u00edtica de Privadesa<\/h1><\/div><div class=\"fusion-title title fusion-title-2 fusion-sep-none fusion-title-text fusion-title-size-three\"><h3 class=\"fusion-title-heading title-heading-left\" style=\"margin:0;\">Dades del propietari de la web<\/h3><\/div><div class=\"fusion-text fusion-text-1\" style=\"--awb-text-transform:none;\"><p>RA\u00d3 SOCIAL: AYURLAB SL<br \/>\nNIF: B02727295<br \/>\nADRE\u00c7A POSTAL: CARRER SALUT, 1 08960, SANT JUST DESVERN (BARCELONA)<br \/>\nADRE\u00c7A ELECTR\u00d2NICA: info@ayur-lab.com<br \/>\nTEL\u00c8FON: 647408975<br \/>\nREGISTRE MERCANTIL: tom 47528, foli 149, full 554656 i inscripci\u00f3 1a<br \/>\nOBJECTE PRINCIPAL: Venda de complements alimentaris.<\/p>\n<\/div><div class=\"fusion-title title fusion-title-3 fusion-sep-none fusion-title-text fusion-title-size-three\"><h3 class=\"fusion-title-heading title-heading-left\" style=\"margin:0;\">Protecci\u00f3 de dades<\/h3><\/div><div class=\"fusion-text fusion-text-2\" style=\"--awb-text-transform:none;\"><p>De conformitat amb la normativa vigent i aplicable en protecci\u00f3 de dades de car\u00e0cter personal, us informem que les vostres dades seran incorporades al sistema de tractament titularitat d&#8217;AYURLAB SL amb NIF B02727295 i domicili social situat a CARRER SALUT, 1 08960, SANT JUST DESVERN (BARCELONA ), i que a continuaci\u00f3 es relacionen les seves respectives finalitats, terminis de conservaci\u00f3 i bases legitimadores. Per a aquells tractaments que ho requereixin, s&#8217;informa tamb\u00e9 de la possible elaboraci\u00f3 de perfils i decisions automatitzades, aix\u00ed com de les possibles cessions i les transfer\u00e8ncies internacionals que AYURLAB SL t\u00e9 previst realitzar:<\/p>\n<\/div><div class=\"fusion-title title fusion-title-4 fusion-sep-none fusion-title-text fusion-title-size-four\"><h4 class=\"fusion-title-heading title-heading-left\" style=\"margin:0;\">Tractaments realitzats<\/h4><\/div><div class=\"fusion-title title fusion-title-5 fusion-sep-none fusion-title-text fusion-title-size-five\"><h5 class=\"fusion-title-heading title-heading-left\" style=\"margin:0;\">Gesti\u00f3 de la p\u00e0gina web<\/h5><\/div><div class=\"fusion-text fusion-text-3\" style=\"--awb-text-transform:none;\"><p>Finalitat: Tractament i gesti\u00f3 de les dades necess\u00e0ries per a la funcionalitat de la p\u00e0gina web<br \/>\nTermini de conservaci\u00f3: mentre perduri el consentiment prestat<br \/>\nBase leg\u00edtima: El consentiment de linteressat<br \/>\nTipologia de Dades: Dades merament identificatives<br \/>\nCessions: No es preveuen<br \/>\nTransfer\u00e8ncies internacionals: No es preveuen<br \/>\nElaboracions de perfils: No es preveuen<\/p>\n<\/div><div class=\"fusion-title title fusion-title-6 fusion-sep-none fusion-title-text fusion-title-size-five\"><h5 class=\"fusion-title-heading title-heading-left\" style=\"margin:0;\">Formulari web<\/h5><\/div><div class=\"fusion-text fusion-text-4\" style=\"--awb-text-transform:none;\"><p>Finalitat: Atendre les vostres consultes i\/o sol\u00b7licituds<br \/>\nTermini de conservaci\u00f3: mentre es mantingui el consentiment prestat<br \/>\nBase leg\u00edtima: El consentiment de linteressat<br \/>\nTipologia de Dades: Dades merament identificatives<br \/>\nCessions: Cap<br \/>\nTransfer\u00e8ncies internacionals: No es preveuen<br \/>\nElaboracions de perfils: No es preveuen<\/p>\n<\/div><div class=\"fusion-title title fusion-title-7 fusion-sep-none fusion-title-text fusion-title-size-five\"><h5 class=\"fusion-title-heading title-heading-left\" style=\"margin:0;\">Gesti\u00f3 del compliment normatiu<\/h5><\/div><div class=\"fusion-text fusion-text-5\" style=\"--awb-text-transform:none;\"><p>Finalitat: Gesti\u00f3 i tramitaci\u00f3 de les obligacions i deures que es derivin del compliment de la normativa a qu\u00e8 est\u00e0 subjecta l&#8217;entitat<br \/>\nTermini de conservaci\u00f3: conservaci\u00f3 de les c\u00f2pies dels documents fins que prescriguin les accions per reclamar-li una possible responsabilitat<br \/>\nBase leg\u00edtima: El compliment d&#8217;una llei<br \/>\nTipologia de Dades: Dades merament identificatives<br \/>\nCessions: les seves dades seran comunicades en cas de ser necessari a organismes i\/o administraci\u00f3 p\u00fablica amb compet\u00e8ncia en la mat\u00e8ria amb la finalitat de complir amb les obligacions establertes a la normativa aplicable. A m\u00e9s, s&#8217;informa que la base legitimadora de la cessi\u00f3 \u00e9s complir amb les obligacions establertes a la normativa aplicable<br \/>\nTransfer\u00e8ncies internacionals: No es preveuen<br \/>\nElaboracions de perfils: No es preveuen<\/p>\n<\/div><div class=\"fusion-title title fusion-title-8 fusion-sep-none fusion-title-text fusion-title-size-five\"><h5 class=\"fusion-title-heading title-heading-left\" style=\"margin:0;\">Newsletters<\/h5><\/div><div class=\"fusion-text fusion-text-6\" style=\"--awb-text-transform:none;\"><p>Finalitat: Captaci\u00f3, registre i tractament de dades amb finalitats de m\u00e0rqueting per fer l&#8217;enviament corresponent a la Newsletter a la qual s&#8217;ha subscrit<br \/>\nTermini de conservaci\u00f3: mentre es mantingui el consentiment prestat<br \/>\nBase leg\u00edtima: El consentiment de l&#8217;interessat<br \/>\nTipologia de Dades: Dades merament identificatives<br \/>\nCessions: Cap<br \/>\nTransfer\u00e8ncies internacionals: No es preveuen<br \/>\nElaboracions de perfils: No es preveuen<\/p>\n<\/div><div class=\"fusion-title title fusion-title-9 fusion-sep-none fusion-title-text fusion-title-size-five\"><h5 class=\"fusion-title-heading title-heading-left\" style=\"margin:0;\">Accions Comercials<\/h5><\/div><div class=\"fusion-text fusion-text-7\" style=\"--awb-text-transform:none;\"><p>Finalitat: Captaci\u00f3, registre i tractament de dades amb finalitats de publicitat i prospecci\u00f3 comercial dels nostres productes i\/o serveis<br \/>\nTermini de conservaci\u00f3: mentre es mantingui el consentiment prestat<br \/>\nBase leg\u00edtima: El consentiment de linteressat<br \/>\nTipologia de Dades: Dades merament identificatives<br \/>\nCessions: Cap<br \/>\nTransfer\u00e8ncies internacionals: No es preveuen<br \/>\nElaboracions de perfils: No es preveuen<\/p>\n<\/div><div class=\"fusion-title title fusion-title-10 fusion-sep-none fusion-title-text fusion-title-size-five\"><h5 class=\"fusion-title-heading title-heading-left\" style=\"margin:0;\">Registre dels usuaris<\/h5><\/div><div class=\"fusion-text fusion-text-8\" style=\"--awb-text-transform:none;\"><p>Finalitat: Captaci\u00f3, registre i tractament de dades per poder registrar-se com a usuari<br \/>\nTermini de conservaci\u00f3: mentre perduri el consentiment prestat<br \/>\nBase leg\u00edtima: El consentiment de linteressat<br \/>\nTipologia de Dades: Dades merament identificatives<br \/>\nCessions: No es preveuen<br \/>\nTransfer\u00e8ncies internacionals: No es preveuen<br \/>\nElaboracions de perfils: No es preveuen<\/p>\n<\/div><div class=\"fusion-title title fusion-title-11 fusion-sep-none fusion-title-text fusion-title-size-five\"><h5 class=\"fusion-title-heading title-heading-left\" style=\"margin:0;\">Gesti\u00f3 de la compra i\/o contractaci\u00f3 de serveis<\/h5><\/div><div class=\"fusion-text fusion-text-9\" style=\"--awb-text-transform:none;\"><p>Finalitat: Captaci\u00f3, registre i tractament de dades amb la finalitat de gestionar la seva compra, aix\u00ed com per al correcte desenvolupament, compliment i execuci\u00f3 del contracte entre ambdues parts<br \/>\nTermini de conservaci\u00f3: durant el termini necessari per gestionar la compra dels productes o serveis adquirits incloent-hi possibles devolucions, queixes o reclamacions associades a la compra del producte o servei en particular<br \/>\nBase leg\u00edtima: L&#8217;execuci\u00f3 d&#8217;un contracte<br \/>\nTipologia de Dades: Dades merament identificatives<br \/>\nCessions: les vostres dades podran ser comunicades en cas de ser necessari a empreses que subvencionin els concursos, premis i\/o promocions<br \/>\nTransfer\u00e8ncies internacionals: No es preveuen<br \/>\nElaboracions de perfils: No es preveuen<\/p>\n<\/div><div class=\"fusion-title title fusion-title-12 fusion-sep-none fusion-title-text fusion-title-size-five\"><h5 class=\"fusion-title-heading title-heading-left\" style=\"margin:0;\">Gesti\u00f3 econ\u00f2mica i administrativa<\/h5><\/div><div class=\"fusion-text fusion-text-10\" style=\"--awb-text-transform:none;\"><p>Finalitat: Gesti\u00f3 administrativa, facturaci\u00f3, comptabilitat i obligacions legals<br \/>\nTermini de conservaci\u00f3: 5 anys en compliment de la llei tribut\u00e0ria i 10 anys la documentaci\u00f3 fiscal en compliment de la L.O.7\/2012<br \/>\nBase leg\u00edtima: El consentiment de linteressat<br \/>\nTipologia de Dades: Dades merament identificatives<br \/>\nCessions: les seves dades seran comunicades en cas que sigui necessari a Ag\u00e8ncia Tribut\u00e0ria, Bancs, Caixes i Organismes i\/o administraci\u00f3 p\u00fablica amb compet\u00e8ncia en la mat\u00e8ria amb la finalitat de complir amb les obligacions tribut\u00e0ries i fiscals establertes a la normativa aplicable. A m\u00e9s, s&#8217;informa que la base legitimadora de la cessi\u00f3 \u00e9s complir amb les obligacions establertes a la normativa aplicable<br \/>\nTransfer\u00e8ncies internacionals: No es preveuen<br \/>\nElaboracions de perfils: No es preveuen<\/p>\n<\/div><div class=\"fusion-title title fusion-title-13 fusion-sep-none fusion-title-text fusion-title-size-five\"><h5 class=\"fusion-title-heading title-heading-left\" style=\"margin:0;\">Drets dels interessats<\/h5><\/div><div class=\"fusion-text fusion-text-11\" style=\"--awb-text-transform:none;\"><p>AYURLAB SL informa als Usuaris que, podr\u00e0 exercir els drets d&#8217;acc\u00e9s, rectificaci\u00f3, limitaci\u00f3, supressi\u00f3, portabilitat i oposici\u00f3 al tractament de les seves dades de car\u00e0cter personal davant del Responsable del Tractament, aix\u00ed com a la retirada del consentiment prestat.<\/p>\n<p>Dret d&#8217;acc\u00e9s: \u00c9s el dret de l&#8217;usuari a obtenir informaci\u00f3 sobre les vostres dades concretes de car\u00e0cter personal i del tractament que s&#8217;hagi realitzat o realitzi, aix\u00ed com de la informaci\u00f3 disponible sobre l&#8217;origen d&#8217;aquestes dades i les comunicacions realitzades o previstes .<br \/>\nDret de Rectificaci\u00f3: \u00c9s el dret de l&#8217;afectat que es modifiquin les dades que resultin ser inexactes o incompletes. Nom\u00e9s es podr\u00e0 satisfer en relaci\u00f3 amb aquella informaci\u00f3 que estigui sota el control d&#8217;AYURLAB SL, per exemple, eliminar comentaris publicats a la pr\u00f2pia p\u00e0gina, imatges o continguts web on constin dades de car\u00e0cter personal de l&#8217;usuari.<br \/>\nDret a la Limitaci\u00f3 de tractament: \u00c9s el dret que es limitin les finalitats del tractament previstes de forma original pel responsable del tractament.<br \/>\nDret de Supressi\u00f3: \u00c9s el dret a suprimir les dades de car\u00e0cter personal de l&#8217;usuari, a excepci\u00f3 del que preveu el mateix RGPD o altres normatives aplicables que determinin l&#8217;obligatorietat de la seva conservaci\u00f3, en temps i forma.<br \/>\nDret de portabilitat: El dret a rebre les dades personals que l&#8217;usuari hagi facilitat, en un format estructurat, d&#8217;\u00fas com\u00fa i de lectura mec\u00e0nica, ia transmetre&#8217;ls a un altre responsable.<\/p>\n<p>Dret d&#8217;Oposici\u00f3: \u00c9s el dret de l&#8217;usuari a qu\u00e8 no es dugui a terme el tractament de les vostres dades de car\u00e0cter personal o se&#8217;n cessi el tractament per part de AYURLAB SL.<\/p>\n<p>Per poder exercir qualsevol dels drets descrits anteriorment haur\u00e0 de complir els requisits seg\u00fcents:<br \/>\nPresentaci\u00f3 d\u00b4un escrit a l\u00b4adre\u00e7a CARRER SALUT, 1 08960, SANT JUST DESVERN (BARCELONA) (a l\u00b4atenci\u00f3 d\u00b4AYURLAB SL) o b\u00e9 a trav\u00e9s de correu electr\u00f2nic info@ayur-lab.com.<br \/>\nL&#8217;escrit rem\u00e8s pel titular de les dades que sol\u00b7licite l&#8217;exercici haur\u00e0 de complir els seg\u00fcents requisits legals:<\/p>\n<p>o Nom, cognoms de l&#8217;interessat i c\u00f2pia del DNI\/NIE o qualsevol document identificatiu. En els casos excepcionals en qu\u00e8 s&#8217;admeti la representaci\u00f3, ser\u00e0 tamb\u00e9 necess\u00e0ria la identificaci\u00f3 pel mateix mitj\u00e0 de la persona que el representa, aix\u00ed com el document acreditatiu de la representaci\u00f3. La fotoc\u00f2pia del DNI podr\u00e0 ser substitu\u00efda sempre que la identitat s&#8217;acrediti per qualsevol altre mitj\u00e0 v\u00e0lid en dret.<\/p>\n<p>o Petici\u00f3 en qu\u00e8 es concreta la sol\u00b7licitud. (Exercici en qu\u00e8 se sol\u00b7licita la informaci\u00f3 a la qual es vol accedir). Si no feu refer\u00e8ncia a un fitxer concret se us facilitar\u00e0 tota la informaci\u00f3 que es tingui amb les vostres dades de car\u00e0cter personal. Si sol\u00b7liciteu informaci\u00f3 d&#8217;un fitxer en concret, nom\u00e9s la informaci\u00f3 d&#8217;aquest fitxer. Si sol\u00b7licita informaci\u00f3 relativa a un tercer mai no es podr\u00e0 facilitar. Si ho demaneu per tel\u00e8fon se us indicar\u00e0 que ho feu per escrit i se us informar\u00e0 de com ho podeu fer i l&#8217;adre\u00e7a a la qual heu d&#8217;enviar-ho. Mai no se us donar\u00e0 informaci\u00f3 per tel\u00e8fon.<br \/>\no Domicili a efectes de notificacions.<br \/>\no Data i signatura del sol\u00b7licitant.<\/p>\n<p>o Documents acreditatius de la petici\u00f3 que formula.<br \/>\no L&#8217;interessat ha d&#8217;utilitzar qualsevol mitj\u00e0 que permeti acreditar l&#8217;enviament i la recepci\u00f3 de la sol\u00b7licitud.<br \/>\nFinalment, us informem que vost\u00e8 t\u00e9 dret a presentar una reclamaci\u00f3 davant l&#8217;Ag\u00e8ncia Espanyola de Protecci\u00f3 de Dades en cas que en tingui coneixement o consideri que un fet pugui suposar un incompliment de la normativa aplicable en mat\u00e8ria de protecci\u00f3 de dades.<\/p>\n<p>AYURLAB SL es compromet a adoptar les mesures t\u00e8cniques i organitzatives necess\u00e0ries, d&#8217;acord amb el nivell de riscos que acompanyen els tractaments realitzats per aquestes i indicats a l&#8217;apartat dels termes i condicions d&#8217;\u00fas, de manera que garanteixin la seva integritat, confidencialitat i disponibilitat.<\/p>\n<\/div><\/div><\/div><\/div><\/div>\n","protected":false},"excerpt":{"rendered":"","protected":false},"author":17,"featured_media":0,"parent":0,"menu_order":0,"comment_status":"closed","ping_status":"closed","template":"","meta":{"_acf_changed":false,"footnotes":""},"class_list":["post-3088","page","type-page","status-publish","hentry"],"acf":[],"_links":{"self":[{"href":"https:\/\/ayur-lab.com\/ca\/wp-json\/wp\/v2\/pages\/3088","targetHints":{"allow":["GET"]}}],"collection":[{"href":"https:\/\/ayur-lab.com\/ca\/wp-json\/wp\/v2\/pages"}],"about":[{"href":"https:\/\/ayur-lab.com\/ca\/wp-json\/wp\/v2\/types\/page"}],"author":[{"embeddable":true,"href":"https:\/\/ayur-lab.com\/ca\/wp-json\/wp\/v2\/users\/17"}],"replies":[{"embeddable":true,"href":"https:\/\/ayur-lab.com\/ca\/wp-json\/wp\/v2\/comments?post=3088"}],"version-history":[{"count":2,"href":"https:\/\/ayur-lab.com\/ca\/wp-json\/wp\/v2\/pages\/3088\/revisions"}],"predecessor-version":[{"id":3090,"href":"https:\/\/ayur-lab.com\/ca\/wp-json\/wp\/v2\/pages\/3088\/revisions\/3090"}],"wp:attachment":[{"href":"https:\/\/ayur-lab.com\/ca\/wp-json\/wp\/v2\/media?parent=3088"}],"curies":[{"name":"wp","href":"https:\/\/api.w.org\/{rel}","templated":true}]}}