{"id":2880,"date":"2022-06-29T09:40:23","date_gmt":"2022-06-29T07:40:23","guid":{"rendered":"https:\/\/ayur-lab.com\/producto\/ayurlab-hair-force-locion\/"},"modified":"2025-06-06T10:53:45","modified_gmt":"2025-06-06T08:53:45","slug":"ayurlab-hair-force-locion","status":"publish","type":"product","link":"https:\/\/ayur-lab.com\/ca\/producto\/ayurlab-hair-force-locion\/","title":{"rendered":"Ayurlab Hair Force Loci\u00f3n"},"content":{"rendered":"<p><img decoding=\"async\" class=\"alignnone wp-image-2361\" src=\"https:\/\/ayur-lab.com\/wp-content\/uploads\/2022\/06\/hair-force-2.jpg\" alt=\"loci\u00f3n anticaida\" width=\"636\" height=\"636\" srcset=\"https:\/\/ayur-lab.com\/wp-content\/uploads\/2022\/06\/hair-force-2-66x66.jpg 66w, https:\/\/ayur-lab.com\/wp-content\/uploads\/2022\/06\/hair-force-2-150x150.jpg 150w, https:\/\/ayur-lab.com\/wp-content\/uploads\/2022\/06\/hair-force-2-200x200.jpg 200w, https:\/\/ayur-lab.com\/wp-content\/uploads\/2022\/06\/hair-force-2-300x300.jpg 300w, https:\/\/ayur-lab.com\/wp-content\/uploads\/2022\/06\/hair-force-2-400x400.jpg 400w, https:\/\/ayur-lab.com\/wp-content\/uploads\/2022\/06\/hair-force-2-500x500.jpg 500w, https:\/\/ayur-lab.com\/wp-content\/uploads\/2022\/06\/hair-force-2-600x600.jpg 600w, https:\/\/ayur-lab.com\/wp-content\/uploads\/2022\/06\/hair-force-2-700x700.jpg 700w, https:\/\/ayur-lab.com\/wp-content\/uploads\/2022\/06\/hair-force-2-768x768.jpg 768w, https:\/\/ayur-lab.com\/wp-content\/uploads\/2022\/06\/hair-force-2-800x800.jpg 800w, https:\/\/ayur-lab.com\/wp-content\/uploads\/2022\/06\/hair-force-2.jpg 1000w\" sizes=\"(max-width: 636px) 100vw, 636px\" \/><\/p>\n","protected":false},"excerpt":{"rendered":"<p>Loci\u00f3 per al cabell a base d&#8217;Amla Org\u00e0nica, Bhringraj, Methi, Aloe Vera i oli essencial de Roman\u00ed.<\/p>\n<p><strong>Incrementa la for\u00e7a i densitat del cabell<\/strong><br \/>\n<strong>Regula el creixement del cabell<\/strong><br \/>\n<strong>Enforteix el cabell des de l&#8217;arrel<\/strong><\/p>\n<p>&nbsp;<\/p>\n","protected":false},"featured_media":2347,"template":"","meta":{"_acf_changed":false},"product_brand":[],"product_cat":[110],"product_tag":[],"class_list":{"0":"post-2880","1":"product","2":"type-product","3":"status-publish","4":"has-post-thumbnail","6":"product_cat-locio","8":"first","9":"instock","10":"taxable","11":"shipping-taxable","12":"purchasable","13":"product-type-simple"},"acf":[],"_links":{"self":[{"href":"https:\/\/ayur-lab.com\/ca\/wp-json\/wp\/v2\/product\/2880","targetHints":{"allow":["GET"]}}],"collection":[{"href":"https:\/\/ayur-lab.com\/ca\/wp-json\/wp\/v2\/product"}],"about":[{"href":"https:\/\/ayur-lab.com\/ca\/wp-json\/wp\/v2\/types\/product"}],"wp:featuredmedia":[{"embeddable":true,"href":"https:\/\/ayur-lab.com\/ca\/wp-json\/wp\/v2\/media\/2347"}],"wp:attachment":[{"href":"https:\/\/ayur-lab.com\/ca\/wp-json\/wp\/v2\/media?parent=2880"}],"wp:term":[{"taxonomy":"product_brand","embeddable":true,"href":"https:\/\/ayur-lab.com\/ca\/wp-json\/wp\/v2\/product_brand?post=2880"},{"taxonomy":"product_cat","embeddable":true,"href":"https:\/\/ayur-lab.com\/ca\/wp-json\/wp\/v2\/product_cat?post=2880"},{"taxonomy":"product_tag","embeddable":true,"href":"https:\/\/ayur-lab.com\/ca\/wp-json\/wp\/v2\/product_tag?post=2880"}],"curies":[{"name":"wp","href":"https:\/\/api.w.org\/{rel}","templated":true}]}}